{"id":1715,"date":"2026-04-24T16:55:14","date_gmt":"2026-04-24T14:55:14","guid":{"rendered":"https:\/\/tagesklinik-holtendorf.de\/online-apotheke\/agb\/"},"modified":"2026-04-24T16:55:14","modified_gmt":"2026-04-24T14:55:14","slug":"agb","status":"publish","type":"page","link":"https:\/\/tagesklinik-holtendorf.de\/online-apotheke\/agb\/","title":{"rendered":"Allgemeine Gesch\u00e4ftsbedingungen"},"content":{"rendered":"<h1>Nutzungsbedingungen \u2014 Apotheke Online Holtendorf<\/h1>\n<p>Willkommen bei Apotheke Online Holtendorf. Diese Nutzungsbedingungen regeln die Nutzung der Informationsseiten, die unter der Domain tagesklinik-holtendorf.de und der \u00f6ffentlichen URL https:\/\/tagesklinik-holtendorf.de\/online-apotheke betrieben werden. Durch die Nutzung dieser Website erkl\u00e4ren Sie sich mit diesen Bedingungen einverstanden.<\/p>\n<h2>Anbieter<\/h2>\n<p>Betreiber und Herausgeber: Apotheke Online Holtendorf<br \/>\nKorrespondenzadresse: Hohe Stra\u00dfe 21, 02829 Holtendorf b. G\u00f6rlitz, Germany<br \/>\nRedaktionelle E\u2011Mail: info@tagesklinik-holtendorf.de<br \/>\nRedaktionelle Telefonnummer: 03581 78614<br \/>\nRedaktionszeiten (nicht Shopzeiten): Montag\u2013Freitag 09:00\u201318:00 Ortszeit.<\/p>\n<h2>1. Informationsdienst \u2014 kein Versandhandel, keine Apotheke<\/h2>\n<p>Diese Website ist ein redaktionelles Informationsangebot. Apotheke Online Holtendorf ist kein Versandhandel und keine Apotheke. Die Website verkauft, bevorratet, versendet, liefert, verschreibt oder gibt keine Produkte ab und f\u00fchrt keine kommerziellen Verkaufsaktivit\u00e4ten durch. Alle auf der Website angegebenen Kontaktdaten, einschlie\u00dflich der oben genannten Adresse, Telefonnummer und E\u2011Mail, dienen ausschlie\u00dflich f\u00fcr rechtliche Hinweise und redaktionelle Korrespondenz. Diese Angaben sind keine Apothekenadresse und d\u00fcrfen nicht zum Versenden von Bestellungen, R\u00fccksendungen oder physischen Waren verwendet werden.<\/p>\n<h2>2. Annahme der Bedingungen<\/h2>\n<p>Mit dem Zugriff auf und der Nutzung dieser Website stimmen Sie diesen Nutzungsbedingungen zu. Falls Sie den Bedingungen nicht zustimmen, nutzen Sie die Seite bitte nicht.<\/p>\n<h2>3. Beschreibung des Dienstes<\/h2>\n<p>Apotheke Online Holtendorf bietet redaktionelle Inhalte, Produktbeschreibungen, Vergleiche, Bewertungen und Informationen zu Arzneimitteln und Gesundheitsprodukten zu rein informatorischen Zwecken. Die Website stellt kein elektronisches Einkaufssystem dar; K\u00e4ufe erfolgen nicht \u00fcber diese Seite, sondern \u00fcber externe offizielle Anbieter, die \u00fcber &#8222;Kaufen&#8220;\/&#8220;Bestellen&#8220;-Buttons verlinkt werden.<\/p>\n<h2>4. Zul\u00e4ssige und unzul\u00e4ssige Nutzung<\/h2>\n<p>Sie d\u00fcrfen die Website und deren Inhalte ausschlie\u00dflich f\u00fcr rechtm\u00e4\u00dfige, private Zwecke nutzen. Insbesondere ist es untersagt:<\/p>\n<ul>\n<li>Inhalte in einer Weise zu verwenden, die gegen geltendes Recht verst\u00f6\u00dft (z. B. rechtswidrige oder beleidigende Handlungen).<\/li>\n<li>Inhalte in gro\u00dfem Umfang automatisch zu sammeln (Screen-Scraping) oder Systeme der Website zu st\u00f6ren.<\/li>\n<li>Inhalte ohne rechtliche Grundlage kommerziell weiterzuverbreiten oder zu ver\u00e4ndern.<\/li>\n<\/ul>\n<h2>5. Redaktioneller Hinweis und Haftung f\u00fcr Inhalte<\/h2>\n<p>Die Inhalte dieser Website sind redaktionelle Beitr\u00e4ge und dienen nur Informationszwecken. Trotz sorgf\u00e4ltiger Pr\u00fcfung \u00fcbernimmt die Redaktion keine Gew\u00e4hr f\u00fcr die Aktualit\u00e4t, Richtigkeit, Vollst\u00e4ndigkeit oder Rechtm\u00e4\u00dfigkeit der dargestellten Informationen, Preise, Aktionen oder Angebote. Insbesondere k\u00f6nnen Produktinformationen, Preise und Verf\u00fcgbarkeiten veralten oder falsch sein. S\u00e4mtliche Angaben zu Produkten sind als redaktionelle Darstellung zu verstehen und stellen weder ein medizinisches Gutachten noch ein verbindliches Kaufangebot dar.<\/p>\n<h2>6. Keine medizinische Beratung<\/h2>\n<p>Die auf der Website ver\u00f6ffentlichten Informationen ersetzen weder eine \u00e4rztliche Untersuchung noch eine individuelle Beratung durch eine \u00c4rztin, einen Arzt oder Apothekerin\/Apotheker. Bei gesundheitlichen Fragen, Beschwerden oder vor der Einnahme\/Verwendung von Arzneimitteln und medizinischen Produkten konsultieren Sie bitte eine\/n zugelassene\/n \u00c4rztin\/Arzt oder Apothekerin\/Apotheker. Diese Website gibt keine personalisierten Heilbehandlungen oder Arzneimittelverordnungen. Hinweise zur Arzneimittelwerbung und -darstellung erfolgen unter Ber\u00fccksichtigung einschl\u00e4giger Regelungen, insbesondere des Heilmittelwerbegesetzes (HWG) und des Telemediengesetzes (TMG).<\/p>\n<h2>7. &#8222;Kaufen&#8220;\/&#8220;Bestellen&#8220;-Buttons und externe Verk\u00e4ufer<\/h2>\n<p>Alle Verlinkungen mit Bezeichnungen wie &#8222;Kaufen&#8220;, &#8222;Bestellen&#8220;, &#8222;Zum Angebot&#8220; oder \u00e4hnlichen Call\u2011to\u2011Action-Elementen f\u00fchren zu externen, drittbetreiberten Internetseiten (Hersteller, autorisierte H\u00e4ndler oder andere offizielle Anbieter). Durch das Anklicken solcher Buttons verlassen Sie die Website von Apotheke Online Holtendorf und werden auf die entsprechende Seite des Drittanbieters weitergeleitet. Vertragliche Beziehungen \u00fcber einen Kauf entstehen ausschlie\u00dflich mit dem jeweiligen externen Anbieter; f\u00fcr deren Inhalte, Preise, Bestell\u2011 und Zahlungsabwicklung, Versand, R\u00fccksendungen, Gew\u00e4hrleistung und Kundendienst sind ausschlie\u00dflich diese Drittanbieter verantwortlich.<\/p>\n<h2>8. Fragen zu Bestellungen, Lieferung, R\u00fcckgabe<\/h2>\n<p>Fragen zu Produktverf\u00fcgbarkeit, Preis, Lieferung, Stornierung, R\u00fcckgabe, R\u00fcckerstattung oder Gew\u00e4hrleistung richten Sie bitte direkt an den offiziellen Verk\u00e4ufer auf der externen Website, zu der der jeweilige &#8222;Kaufen&#8220;\/&#8220;Bestellen&#8220;-Button weitergeleitet hat. Apotheke Online Holtendorf nimmt keine Zahlungen entgegen, f\u00fchrt keine Bestellungen aus und hat keinen Zugriff auf Kauf- oder Bestelldaten.<\/p>\n<h2>9. Geistiges Eigentum und Markenrechte<\/h2>\n<p>Soweit nicht anders angegeben, liegen die Urheber\u2011 und Nutzungsrechte an den redaktionellen Inhalten bei Apotheke Online Holtendorf oder den jeweils genannten Rechteinhabern. Die Betreiberin erhebt keinen Anspruch auf Marken, Warenzeichen oder andere gewerbliche Schutzrechte von Herstellern und Rechteinhabern, und beabsichtigt nicht, diese Rechte zu verletzen. Es besteht keine rechtliche, kommerzielle oder organisatorische Verbindung zu fr\u00fcheren Inhabern der Domain tagesklinik-holtendorf.de oder zu fr\u00fcher ver\u00f6ffentlichten Inhalten auf dieser Domain. Berechtigte, die eine Verletzung von Rechten geltend machen m\u00f6chten, k\u00f6nnen ihre Anfrage an info@tagesklinik-holtendorf.de richten.<\/p>\n<h2>10. Haftungsbeschr\u00e4nkung<\/h2>\n<p>Die Nutzung der Website erfolgt auf eigenes Risiko. Soweit gesetzlich zul\u00e4ssig, schlie\u00dft Apotheke Online Holtendorf jegliche Haftung f\u00fcr materielle oder immaterielle Sch\u00e4den, die aus der Nutzung oder Nichtnutzung der dargebotenen Informationen entstehen, aus. Ausgenommen hiervon ist die Haftung f\u00fcr Sch\u00e4den aus der Verletzung des Lebens, des K\u00f6rpers oder der Gesundheit sowie f\u00fcr sonstige Sch\u00e4den aus der Verletzung wesentlicher Vertragspflichten (Kardinalpflichten), die auf vors\u00e4tzlichem oder grob fahrl\u00e4ssigem Verhalten beruhen. Ferner bleibt die Haftung unber\u00fchrt bei zwingenden gesetzlichen Haftungsregelungen, etwa nach dem Produkthaftungsgesetz (ProdHaftG) oder bei Vorsatz.<\/p>\n<h2>11. Externe Links<\/h2>\n<p>Diese Website kann Links zu Websites Dritter enthalten. Apotheke Online Holtendorf hat keinen Einfluss auf die Inhalte externer Seiten und \u00fcbernimmt daher keine Gew\u00e4hr f\u00fcr diese Inhalte. F\u00fcr die Inhalte der verlinkten Seiten sind ausschlie\u00dflich deren Betreiber verantwortlich. Das Vorhandensein eines Links bedeutet nicht, dass Apotheke Online Holtendorf sich die dort dargestellten Inhalte zu eigen macht.<\/p>\n<h2>12. Streitbeilegung und au\u00dfergerichtliche Beschwerdeverfahren<\/h2>\n<p>Zur Online-Streitbeilegung der Europ\u00e4ischen Kommission (OS\u2011Plattform) erreichen Sie die Plattform hier: https:\/\/ec.europa.eu\/consumers\/odr. Apotheke Online Holtendorf ist weder verpflichtet noch bereit, an einem au\u00dfergerichtlichen Schlichtungsverfahren vor einer Verbraucherschlichtungsstelle teilzunehmen.<\/p>\n<h2>13. Anwendbares Recht und Gerichtsstand<\/h2>\n<p>Es gilt deutsches Recht unter Ausschluss des UN-Kaufrechts (CISG), soweit nicht zwingend gesetzliche Regelungen entgegenstehen. Soweit gesetzlich zul\u00e4ssig, ist f\u00fcr etwaige Streitigkeiten der Gerichtsstand Deutschland; soweit dies vereinbart werden darf, k\u00f6nnen die zust\u00e4ndigen Gerichte am Ort des Betreibers (Hohe Stra\u00dfe 21, 02829 Holtendorf b. G\u00f6rlitz, Germany) zust\u00e4ndig sein.<\/p>\n<h2>14. \u00c4nderungen der Nutzungsbedingungen<\/h2>\n<p>Apotheke Online Holtendorf beh\u00e4lt sich das Recht vor, diese Nutzungsbedingungen jederzeit zu \u00e4ndern. \u00c4nderungen werden auf dieser Seite ver\u00f6ffentlicht. Durch die weitere Nutzung der Website nach Ver\u00f6ffentlichung der \u00c4nderungen gelten diese als von Ihnen akzeptiert.<\/p>\n<h2>15. Schlussbestimmungen<\/h2>\n<p>Sollte eine Bestimmung dieser Nutzungsbedingungen ganz oder teilweise unwirksam sein oder werden, ber\u00fchrt dies die Wirksamkeit der \u00fcbrigen Bestimmungen nicht. Anstelle der unwirksamen Bestimmung gilt eine wirksame Regelung als vereinbart, die dem wirtschaftlichen Zweck der unwirksamen Bestimmung m\u00f6glichst nahekommt.<\/p>\n<h2>Kontakt f\u00fcr Fragen zu diesen Nutzungsbedingungen<\/h2>\n<p>Bei Fragen zu den Nutzungsbedingungen oder zur weiteren rechtlichen Kommunikation erreichen Sie uns unter:<br \/>\nE\u2011Mail: info@tagesklinik-holtendorf.de<br \/>\nTelefon: 03581 78614<br \/>\nPostanschrift: Hohe Stra\u00dfe 21, 02829 Holtendorf b. G\u00f6rlitz, Germany<br \/>\nRedaktionszeiten: Montag\u2013Freitag 09:00\u201318:00 Ortszeit (dies sind redaktionelle Zeiten; es handelt sich nicht um Shop\u2011 oder Bestellzeiten).<\/p>\n","protected":false},"excerpt":{"rendered":"<p>Nutzungsbedingungen \u2014 Apotheke Online Holtendorf Willkommen bei Apotheke Online Holtendorf. Diese Nutzungsbedingungen regeln die Nutzung der Informationsseiten, die unter der [&hellip;]<\/p>\n","protected":false},"author":1,"featured_media":0,"parent":0,"menu_order":0,"comment_status":"closed","ping_status":"closed","template":"","meta":{"site-sidebar-layout":"default","site-content-layout":"","ast-site-content-layout":"default","site-content-style":"default","site-sidebar-style":"default","ast-global-header-display":"","ast-banner-title-visibility":"","ast-main-header-display":"","ast-hfb-above-header-display":"","ast-hfb-below-header-display":"","ast-hfb-mobile-header-display":"","site-post-title":"","ast-breadcrumbs-content":"","ast-featured-img":"","footer-sml-layout":"","ast-disable-related-posts":"","theme-transparent-header-meta":"","adv-header-id-meta":"","stick-header-meta":"","header-above-stick-meta":"","header-main-stick-meta":"","header-below-stick-meta":"","astra-migrate-meta-layouts":"default","ast-page-background-enabled":"default","ast-page-background-meta":{"desktop":{"background-color":"var(--ast-global-color-5)","background-image":"","background-repeat":"repeat","background-position":"center center","background-size":"auto","background-attachment":"scroll","background-type":"","background-media":"","overlay-type":"","overlay-color":"","overlay-opacity":"","overlay-gradient":""},"tablet":{"background-color":"","background-image":"","background-repeat":"repeat","background-position":"center center","background-size":"auto","background-attachment":"scroll","background-type":"","background-media":"","overlay-type":"","overlay-color":"","overlay-opacity":"","overlay-gradient":""},"mobile":{"background-color":"","background-image":"","background-repeat":"repeat","background-position":"center center","background-size":"auto","background-attachment":"scroll","background-type":"","background-media":"","overlay-type":"","overlay-color":"","overlay-opacity":"","overlay-gradient":""}},"ast-content-background-meta":{"desktop":{"background-color":"var(--ast-global-color-4)","background-image":"","background-repeat":"repeat","background-position":"center center","background-size":"auto","background-attachment":"scroll","background-type":"","background-media":"","overlay-type":"","overlay-color":"","overlay-opacity":"","overlay-gradient":""},"tablet":{"background-color":"var(--ast-global-color-4)","background-image":"","background-repeat":"repeat","background-position":"center center","background-size":"auto","background-attachment":"scroll","background-type":"","background-media":"","overlay-type":"","overlay-color":"","overlay-opacity":"","overlay-gradient":""},"mobile":{"background-color":"var(--ast-global-color-4)","background-image":"","background-repeat":"repeat","background-position":"center center","background-size":"auto","background-attachment":"scroll","background-type":"","background-media":"","overlay-type":"","overlay-color":"","overlay-opacity":"","overlay-gradient":""}},"footnotes":""},"class_list":["post-1715","page","type-page","status-publish","hentry"],"yoast_head":"<!-- This site is optimized with the Yoast SEO plugin v27.3 - https:\/\/yoast.com\/product\/yoast-seo-wordpress\/ -->\n<title>Allgemeine Gesch\u00e4ftsbedingungen - Apotheke Online Holtendorf<\/title>\n<meta name=\"robots\" content=\"index, follow, max-snippet:-1, max-image-preview:large, max-video-preview:-1\" \/>\n<link rel=\"canonical\" href=\"https:\/\/tagesklinik-holtendorf.de\/online-apotheke\/agb\/\" \/>\n<meta property=\"og:locale\" content=\"de_DE\" \/>\n<meta property=\"og:type\" content=\"article\" \/>\n<meta property=\"og:title\" content=\"Allgemeine Gesch\u00e4ftsbedingungen - Apotheke Online Holtendorf\" \/>\n<meta property=\"og:description\" content=\"Nutzungsbedingungen \u2014 Apotheke Online Holtendorf Willkommen bei Apotheke Online Holtendorf. Diese Nutzungsbedingungen regeln die Nutzung der Informationsseiten, die unter der [&hellip;]\" \/>\n<meta property=\"og:url\" content=\"https:\/\/tagesklinik-holtendorf.de\/online-apotheke\/agb\/\" \/>\n<meta property=\"og:site_name\" content=\"Apotheke Online Holtendorf\" \/>\n<meta name=\"twitter:card\" content=\"summary_large_image\" \/>\n<meta name=\"twitter:label1\" content=\"Gesch\u00e4tzte Lesezeit\" \/>\n\t<meta name=\"twitter:data1\" content=\"6\u00a0Minuten\" \/>\n<script type=\"application\/ld+json\" class=\"yoast-schema-graph\">{\"@context\":\"https:\\\/\\\/schema.org\",\"@graph\":[{\"@type\":\"WebPage\",\"@id\":\"https:\\\/\\\/tagesklinik-holtendorf.de\\\/online-apotheke\\\/agb\\\/\",\"url\":\"https:\\\/\\\/tagesklinik-holtendorf.de\\\/online-apotheke\\\/agb\\\/\",\"name\":\"Allgemeine Gesch\u00e4ftsbedingungen - Apotheke Online Holtendorf\",\"isPartOf\":{\"@id\":\"https:\\\/\\\/tagesklinik-holtendorf.de\\\/online-apotheke\\\/#website\"},\"datePublished\":\"2026-04-24T14:55:14+00:00\",\"breadcrumb\":{\"@id\":\"https:\\\/\\\/tagesklinik-holtendorf.de\\\/online-apotheke\\\/agb\\\/#breadcrumb\"},\"inLanguage\":\"de\",\"potentialAction\":[{\"@type\":\"ReadAction\",\"target\":[\"https:\\\/\\\/tagesklinik-holtendorf.de\\\/online-apotheke\\\/agb\\\/\"]}]},{\"@type\":\"BreadcrumbList\",\"@id\":\"https:\\\/\\\/tagesklinik-holtendorf.de\\\/online-apotheke\\\/agb\\\/#breadcrumb\",\"itemListElement\":[{\"@type\":\"ListItem\",\"position\":1,\"name\":\"\u0413\u043b\u0430\u0432\u043d\u0430\u044f \u0441\u0442\u0440\u0430\u043d\u0438\u0446\u0430\",\"item\":\"https:\\\/\\\/tagesklinik-holtendorf.de\\\/online-apotheke\\\/\"},{\"@type\":\"ListItem\",\"position\":2,\"name\":\"Allgemeine Gesch\u00e4ftsbedingungen\"}]},{\"@type\":\"WebSite\",\"@id\":\"https:\\\/\\\/tagesklinik-holtendorf.de\\\/online-apotheke\\\/#website\",\"url\":\"https:\\\/\\\/tagesklinik-holtendorf.de\\\/online-apotheke\\\/\",\"name\":\"Apotheke Online Holtendorf\",\"description\":\"\",\"potentialAction\":[{\"@type\":\"SearchAction\",\"target\":{\"@type\":\"EntryPoint\",\"urlTemplate\":\"https:\\\/\\\/tagesklinik-holtendorf.de\\\/online-apotheke\\\/?s={search_term_string}\"},\"query-input\":{\"@type\":\"PropertyValueSpecification\",\"valueRequired\":true,\"valueName\":\"search_term_string\"}}],\"inLanguage\":\"de\"}]}<\/script>\n<!-- \/ Yoast SEO plugin. -->","yoast_head_json":{"title":"Allgemeine Gesch\u00e4ftsbedingungen - Apotheke Online Holtendorf","robots":{"index":"index","follow":"follow","max-snippet":"max-snippet:-1","max-image-preview":"max-image-preview:large","max-video-preview":"max-video-preview:-1"},"canonical":"https:\/\/tagesklinik-holtendorf.de\/online-apotheke\/agb\/","og_locale":"de_DE","og_type":"article","og_title":"Allgemeine Gesch\u00e4ftsbedingungen - Apotheke Online Holtendorf","og_description":"Nutzungsbedingungen \u2014 Apotheke Online Holtendorf Willkommen bei Apotheke Online Holtendorf. Diese Nutzungsbedingungen regeln die Nutzung der Informationsseiten, die unter der [&hellip;]","og_url":"https:\/\/tagesklinik-holtendorf.de\/online-apotheke\/agb\/","og_site_name":"Apotheke Online Holtendorf","twitter_card":"summary_large_image","twitter_misc":{"Gesch\u00e4tzte Lesezeit":"6\u00a0Minuten"},"schema":{"@context":"https:\/\/schema.org","@graph":[{"@type":"WebPage","@id":"https:\/\/tagesklinik-holtendorf.de\/online-apotheke\/agb\/","url":"https:\/\/tagesklinik-holtendorf.de\/online-apotheke\/agb\/","name":"Allgemeine Gesch\u00e4ftsbedingungen - Apotheke Online Holtendorf","isPartOf":{"@id":"https:\/\/tagesklinik-holtendorf.de\/online-apotheke\/#website"},"datePublished":"2026-04-24T14:55:14+00:00","breadcrumb":{"@id":"https:\/\/tagesklinik-holtendorf.de\/online-apotheke\/agb\/#breadcrumb"},"inLanguage":"de","potentialAction":[{"@type":"ReadAction","target":["https:\/\/tagesklinik-holtendorf.de\/online-apotheke\/agb\/"]}]},{"@type":"BreadcrumbList","@id":"https:\/\/tagesklinik-holtendorf.de\/online-apotheke\/agb\/#breadcrumb","itemListElement":[{"@type":"ListItem","position":1,"name":"\u0413\u043b\u0430\u0432\u043d\u0430\u044f \u0441\u0442\u0440\u0430\u043d\u0438\u0446\u0430","item":"https:\/\/tagesklinik-holtendorf.de\/online-apotheke\/"},{"@type":"ListItem","position":2,"name":"Allgemeine Gesch\u00e4ftsbedingungen"}]},{"@type":"WebSite","@id":"https:\/\/tagesklinik-holtendorf.de\/online-apotheke\/#website","url":"https:\/\/tagesklinik-holtendorf.de\/online-apotheke\/","name":"Apotheke Online Holtendorf","description":"","potentialAction":[{"@type":"SearchAction","target":{"@type":"EntryPoint","urlTemplate":"https:\/\/tagesklinik-holtendorf.de\/online-apotheke\/?s={search_term_string}"},"query-input":{"@type":"PropertyValueSpecification","valueRequired":true,"valueName":"search_term_string"}}],"inLanguage":"de"}]}},"_links":{"self":[{"href":"https:\/\/tagesklinik-holtendorf.de\/online-apotheke\/wp-json\/wp\/v2\/pages\/1715","targetHints":{"allow":["GET"]}}],"collection":[{"href":"https:\/\/tagesklinik-holtendorf.de\/online-apotheke\/wp-json\/wp\/v2\/pages"}],"about":[{"href":"https:\/\/tagesklinik-holtendorf.de\/online-apotheke\/wp-json\/wp\/v2\/types\/page"}],"author":[{"embeddable":true,"href":"https:\/\/tagesklinik-holtendorf.de\/online-apotheke\/wp-json\/wp\/v2\/users\/1"}],"replies":[{"embeddable":true,"href":"https:\/\/tagesklinik-holtendorf.de\/online-apotheke\/wp-json\/wp\/v2\/comments?post=1715"}],"version-history":[{"count":0,"href":"https:\/\/tagesklinik-holtendorf.de\/online-apotheke\/wp-json\/wp\/v2\/pages\/1715\/revisions"}],"wp:attachment":[{"href":"https:\/\/tagesklinik-holtendorf.de\/online-apotheke\/wp-json\/wp\/v2\/media?parent=1715"}],"curies":[{"name":"wp","href":"https:\/\/api.w.org\/{rel}","templated":true}]}}