{"id":1714,"date":"2026-04-24T16:55:14","date_gmt":"2026-04-24T14:55:14","guid":{"rendered":"https:\/\/tagesklinik-holtendorf.de\/online-apotheke\/impressum\/"},"modified":"2026-04-24T16:55:14","modified_gmt":"2026-04-24T14:55:14","slug":"impressum","status":"publish","type":"page","link":"https:\/\/tagesklinik-holtendorf.de\/online-apotheke\/impressum\/","title":{"rendered":"Impressum"},"content":{"rendered":"<h1>Impressum<\/h1>\n<p>Angaben gem\u00e4\u00df \u00a7 5 Telemediengesetz (TMG)<\/p>\n<h2>Betreiber und Kontakt<\/h2>\n<ul>\n<li>Service \/ Website: Apotheke Online Holtendorf<\/li>\n<li>Website (\u00f6ffentliche URL): https:\/\/tagesklinik-holtendorf.de\/online-apotheke<\/li>\n<li>Kontaktadresse (nur f\u00fcr gesetzliche Zwecke und Rechtszustellungen): Hohe Stra\u00dfe 21, 02829 Holtendorf b. G\u00f6rlitz, Germany<\/li>\n<li>E\u2011Mail: info@tagesklinik-holtendorf.de<\/li>\n<li>Telefon: 03581 78614<\/li>\n<li>Land des Betriebs: DE<\/li>\n<li>Redaktions\u2011\/B\u00fcrozeiten (redaktionell, dies ist kein Shop): Mo\u2013Fr 09:00\u201318:00 (Ortszeit)<\/li>\n<\/ul>\n<h2>Hinweis zum Angebot<\/h2>\n<p>Apotheke Online Holtendorf ist ein rein redaktionelles und informiertes Internetangebot. Es handelt sich nicht um eine Apotheke, keinen H\u00e4ndler und kein Versand- oder Lieferunternehmen. Die Betreiberdaten und die oben genannte Adresse dienen ausschlie\u00dflich gesetzlichen Offenlegungszwecken und der rechtsverbindlichen Postzustellung; sie sind keine Apothekenadresse, kein Lager- und kein R\u00fccksendeort. Post f\u00fcr kommerzielle Zwecke wird an dieser Adresse nicht entgegengenommen.<\/p>\n<h2>Haftung f\u00fcr Inhalte<\/h2>\n<p>Trotz sorgf\u00e4ltiger inhaltlicher Kontrolle \u00fcbernimmt die Redaktion keine Gew\u00e4hr f\u00fcr die Richtigkeit, Vollst\u00e4ndigkeit, Aktualit\u00e4t oder Gesetzm\u00e4\u00dfigkeit der ver\u00f6ffentlichten Informationen, insbesondere nicht f\u00fcr Produktinformationen, Preise, Aktionen oder Verf\u00fcgbarkeiten. Haftungsanspr\u00fcche gegen den Betreiber, die sich auf Sch\u00e4den materieller oder ideeller Art beziehen, sind ausgeschlossen, soweit dem Betreiber kein vors\u00e4tzliches oder grob fahrl\u00e4ssiges Verschulden nachgewiesen werden kann.<\/p>\n<h2>Haftung f\u00fcr Links<\/h2>\n<p>Sofern die Website mittels Verlinkung auf fremde Webseiten verweist, gilt: F\u00fcr die Inhalte externer Links sind ausschlie\u00dflich deren Betreiber verantwortlich. Die Redaktion hat bei der erstmaligen Verkn\u00fcpfung der externen Links die fremden Inhalte daraufhin \u00fcberpr\u00fcft, ob durch sie etwaige zivil- oder strafrechtliche Verst\u00f6\u00dfe erkennbar sind. Bei Bekanntwerden von Rechtsverletzungen werden derartige Links unverz\u00fcglich entfernt.<\/p>\n<h2>Urheberrecht und Rechte Dritter<\/h2>\n<p>Die durch die Redaktion erstellten Inhalte und Werke auf diesen Seiten unterliegen dem deutschen Urheberrecht. Beitr\u00e4ge Dritter sind als solche gekennzeichnet. Das Kopieren, Verbreiten oder jede Form der Verwertung bedarf der vorherigen schriftlichen Zustimmung der jeweiligen Rechteinhaber. Die Redaktion beansprucht nicht die Eigentumsrechte an eingestellten Markenzeichen, Warenzeichen oder sonstigen Schutzrechten Dritter und beabsichtigt keine Rechteverletzung.<\/p>\n<p>Die Website steht in keinerlei rechtlicher, wirtschaftlicher oder organisatorischer Verbindung zu fr\u00fcheren Inhabern der Domain tagesklinik-holtendorf.de oder zu zuvor auf dieser Domain ver\u00f6ffentlichten Inhalten. Rechteinhaber-Anfragen (Takedown, Urheberrecht, Markenrecht) richten Sie bitte an: info@tagesklinik-holtendorf.de.<\/p>\n<h2>&#8222;Kaufen&#8220; \/ &#8222;Bestellen&#8220;-Buttons und Verlinkte Verkaufsseiten<\/h2>\n<p>Hinweise wie &#8222;Kaufen&#8220; oder &#8222;Bestellen&#8220; und vergleichbare Call\u2011to\u2011Action\u2011Schaltfl\u00e4chen auf dieser Website f\u00fchren jeweils auf die offizielle Produktseite des jeweiligen Herstellers oder eines autorisierten H\u00e4ndlers. Apotheke Online Holtendorf ist weder Verk\u00e4ufer noch Vertragspartner der auf diesen Zielseiten abgeschlossenen Transaktionen und nimmt nicht an dem Kauf-, Bestell- oder Liefervertrag teil.<\/p>\n<h2>Fragen zu Bestellungen, Lieferung und R\u00fccksendungen<\/h2>\n<p>Fragen zu Bestellungen, Lieferung, Zahlung oder R\u00fccksendungen sind an den jeweiligen H\u00e4ndler oder Hersteller zu richten, \u00fcber dessen Website der Kauf erfolgt ist. Apotheke Online Holtendorf vermittelt lediglich Informationszug\u00e4nge; Ausk\u00fcnfte zu konkreten Kaufvorg\u00e4ngen k\u00f6nnen nur vom betreffenden Verk\u00e4ufer gegeben werden.<\/p>\n<h2>Online\u2011Streitbeilegung (OS\u2011Plattform)<\/h2>\n<p>Die EU\u2011Online\u2011Streitbeilegungsplattform ist erreichbar unter: https:\/\/ec.europa.eu\/consumers\/odr<\/p>\n<h2>Weitere gesetzlich vorgeschriebene Angaben<\/h2>\n<p>Weitergehende gesetzlich vorgeschriebene Angaben (z. B. vertretungsberechtigte Personen, Handelsregistereintrag, Identifikationsnummern o.\u00e4.), die hier nicht angegeben sind, erhalten Sie auf Anfrage per E\u2011Mail an info@tagesklinik-holtendorf.de.<\/p>\n","protected":false},"excerpt":{"rendered":"<p>Impressum Angaben gem\u00e4\u00df \u00a7 5 Telemediengesetz (TMG) Betreiber und Kontakt Service \/ Website: Apotheke Online Holtendorf Website (\u00f6ffentliche URL): https:\/\/tagesklinik-holtendorf.de\/online-apotheke [&hellip;]<\/p>\n","protected":false},"author":1,"featured_media":0,"parent":0,"menu_order":0,"comment_status":"closed","ping_status":"closed","template":"","meta":{"site-sidebar-layout":"default","site-content-layout":"","ast-site-content-layout":"default","site-content-style":"default","site-sidebar-style":"default","ast-global-header-display":"","ast-banner-title-visibility":"","ast-main-header-display":"","ast-hfb-above-header-display":"","ast-hfb-below-header-display":"","ast-hfb-mobile-header-display":"","site-post-title":"","ast-breadcrumbs-content":"","ast-featured-img":"","footer-sml-layout":"","ast-disable-related-posts":"","theme-transparent-header-meta":"","adv-header-id-meta":"","stick-header-meta":"","header-above-stick-meta":"","header-main-stick-meta":"","header-below-stick-meta":"","astra-migrate-meta-layouts":"default","ast-page-background-enabled":"default","ast-page-background-meta":{"desktop":{"background-color":"var(--ast-global-color-5)","background-image":"","background-repeat":"repeat","background-position":"center center","background-size":"auto","background-attachment":"scroll","background-type":"","background-media":"","overlay-type":"","overlay-color":"","overlay-opacity":"","overlay-gradient":""},"tablet":{"background-color":"","background-image":"","background-repeat":"repeat","background-position":"center center","background-size":"auto","background-attachment":"scroll","background-type":"","background-media":"","overlay-type":"","overlay-color":"","overlay-opacity":"","overlay-gradient":""},"mobile":{"background-color":"","background-image":"","background-repeat":"repeat","background-position":"center center","background-size":"auto","background-attachment":"scroll","background-type":"","background-media":"","overlay-type":"","overlay-color":"","overlay-opacity":"","overlay-gradient":""}},"ast-content-background-meta":{"desktop":{"background-color":"var(--ast-global-color-4)","background-image":"","background-repeat":"repeat","background-position":"center center","background-size":"auto","background-attachment":"scroll","background-type":"","background-media":"","overlay-type":"","overlay-color":"","overlay-opacity":"","overlay-gradient":""},"tablet":{"background-color":"var(--ast-global-color-4)","background-image":"","background-repeat":"repeat","background-position":"center center","background-size":"auto","background-attachment":"scroll","background-type":"","background-media":"","overlay-type":"","overlay-color":"","overlay-opacity":"","overlay-gradient":""},"mobile":{"background-color":"var(--ast-global-color-4)","background-image":"","background-repeat":"repeat","background-position":"center center","background-size":"auto","background-attachment":"scroll","background-type":"","background-media":"","overlay-type":"","overlay-color":"","overlay-opacity":"","overlay-gradient":""}},"footnotes":""},"class_list":["post-1714","page","type-page","status-publish","hentry"],"yoast_head":"<!-- This site is optimized with the Yoast SEO plugin v27.3 - https:\/\/yoast.com\/product\/yoast-seo-wordpress\/ -->\n<title>Impressum - Apotheke Online Holtendorf<\/title>\n<meta name=\"robots\" content=\"index, follow, max-snippet:-1, max-image-preview:large, max-video-preview:-1\" \/>\n<link rel=\"canonical\" href=\"https:\/\/tagesklinik-holtendorf.de\/online-apotheke\/impressum\/\" \/>\n<meta property=\"og:locale\" content=\"de_DE\" \/>\n<meta property=\"og:type\" content=\"article\" \/>\n<meta property=\"og:title\" content=\"Impressum - Apotheke Online Holtendorf\" \/>\n<meta property=\"og:description\" content=\"Impressum Angaben gem\u00e4\u00df \u00a7 5 Telemediengesetz (TMG) Betreiber und Kontakt Service \/ Website: Apotheke Online Holtendorf Website (\u00f6ffentliche URL): https:\/\/tagesklinik-holtendorf.de\/online-apotheke [&hellip;]\" \/>\n<meta property=\"og:url\" content=\"https:\/\/tagesklinik-holtendorf.de\/online-apotheke\/impressum\/\" \/>\n<meta property=\"og:site_name\" content=\"Apotheke Online Holtendorf\" \/>\n<meta name=\"twitter:card\" content=\"summary_large_image\" \/>\n<meta name=\"twitter:label1\" content=\"Gesch\u00e4tzte Lesezeit\" \/>\n\t<meta name=\"twitter:data1\" content=\"3\u00a0Minuten\" \/>\n<script type=\"application\/ld+json\" class=\"yoast-schema-graph\">{\"@context\":\"https:\\\/\\\/schema.org\",\"@graph\":[{\"@type\":\"WebPage\",\"@id\":\"https:\\\/\\\/tagesklinik-holtendorf.de\\\/online-apotheke\\\/impressum\\\/\",\"url\":\"https:\\\/\\\/tagesklinik-holtendorf.de\\\/online-apotheke\\\/impressum\\\/\",\"name\":\"Impressum - Apotheke Online Holtendorf\",\"isPartOf\":{\"@id\":\"https:\\\/\\\/tagesklinik-holtendorf.de\\\/online-apotheke\\\/#website\"},\"datePublished\":\"2026-04-24T14:55:14+00:00\",\"breadcrumb\":{\"@id\":\"https:\\\/\\\/tagesklinik-holtendorf.de\\\/online-apotheke\\\/impressum\\\/#breadcrumb\"},\"inLanguage\":\"de\",\"potentialAction\":[{\"@type\":\"ReadAction\",\"target\":[\"https:\\\/\\\/tagesklinik-holtendorf.de\\\/online-apotheke\\\/impressum\\\/\"]}]},{\"@type\":\"BreadcrumbList\",\"@id\":\"https:\\\/\\\/tagesklinik-holtendorf.de\\\/online-apotheke\\\/impressum\\\/#breadcrumb\",\"itemListElement\":[{\"@type\":\"ListItem\",\"position\":1,\"name\":\"\u0413\u043b\u0430\u0432\u043d\u0430\u044f \u0441\u0442\u0440\u0430\u043d\u0438\u0446\u0430\",\"item\":\"https:\\\/\\\/tagesklinik-holtendorf.de\\\/online-apotheke\\\/\"},{\"@type\":\"ListItem\",\"position\":2,\"name\":\"Impressum\"}]},{\"@type\":\"WebSite\",\"@id\":\"https:\\\/\\\/tagesklinik-holtendorf.de\\\/online-apotheke\\\/#website\",\"url\":\"https:\\\/\\\/tagesklinik-holtendorf.de\\\/online-apotheke\\\/\",\"name\":\"Apotheke Online Holtendorf\",\"description\":\"\",\"potentialAction\":[{\"@type\":\"SearchAction\",\"target\":{\"@type\":\"EntryPoint\",\"urlTemplate\":\"https:\\\/\\\/tagesklinik-holtendorf.de\\\/online-apotheke\\\/?s={search_term_string}\"},\"query-input\":{\"@type\":\"PropertyValueSpecification\",\"valueRequired\":true,\"valueName\":\"search_term_string\"}}],\"inLanguage\":\"de\"}]}<\/script>\n<!-- \/ Yoast SEO plugin. -->","yoast_head_json":{"title":"Impressum - Apotheke Online Holtendorf","robots":{"index":"index","follow":"follow","max-snippet":"max-snippet:-1","max-image-preview":"max-image-preview:large","max-video-preview":"max-video-preview:-1"},"canonical":"https:\/\/tagesklinik-holtendorf.de\/online-apotheke\/impressum\/","og_locale":"de_DE","og_type":"article","og_title":"Impressum - Apotheke Online Holtendorf","og_description":"Impressum Angaben gem\u00e4\u00df \u00a7 5 Telemediengesetz (TMG) Betreiber und Kontakt Service \/ Website: Apotheke Online Holtendorf Website (\u00f6ffentliche URL): https:\/\/tagesklinik-holtendorf.de\/online-apotheke [&hellip;]","og_url":"https:\/\/tagesklinik-holtendorf.de\/online-apotheke\/impressum\/","og_site_name":"Apotheke Online Holtendorf","twitter_card":"summary_large_image","twitter_misc":{"Gesch\u00e4tzte Lesezeit":"3\u00a0Minuten"},"schema":{"@context":"https:\/\/schema.org","@graph":[{"@type":"WebPage","@id":"https:\/\/tagesklinik-holtendorf.de\/online-apotheke\/impressum\/","url":"https:\/\/tagesklinik-holtendorf.de\/online-apotheke\/impressum\/","name":"Impressum - Apotheke Online Holtendorf","isPartOf":{"@id":"https:\/\/tagesklinik-holtendorf.de\/online-apotheke\/#website"},"datePublished":"2026-04-24T14:55:14+00:00","breadcrumb":{"@id":"https:\/\/tagesklinik-holtendorf.de\/online-apotheke\/impressum\/#breadcrumb"},"inLanguage":"de","potentialAction":[{"@type":"ReadAction","target":["https:\/\/tagesklinik-holtendorf.de\/online-apotheke\/impressum\/"]}]},{"@type":"BreadcrumbList","@id":"https:\/\/tagesklinik-holtendorf.de\/online-apotheke\/impressum\/#breadcrumb","itemListElement":[{"@type":"ListItem","position":1,"name":"\u0413\u043b\u0430\u0432\u043d\u0430\u044f \u0441\u0442\u0440\u0430\u043d\u0438\u0446\u0430","item":"https:\/\/tagesklinik-holtendorf.de\/online-apotheke\/"},{"@type":"ListItem","position":2,"name":"Impressum"}]},{"@type":"WebSite","@id":"https:\/\/tagesklinik-holtendorf.de\/online-apotheke\/#website","url":"https:\/\/tagesklinik-holtendorf.de\/online-apotheke\/","name":"Apotheke Online Holtendorf","description":"","potentialAction":[{"@type":"SearchAction","target":{"@type":"EntryPoint","urlTemplate":"https:\/\/tagesklinik-holtendorf.de\/online-apotheke\/?s={search_term_string}"},"query-input":{"@type":"PropertyValueSpecification","valueRequired":true,"valueName":"search_term_string"}}],"inLanguage":"de"}]}},"_links":{"self":[{"href":"https:\/\/tagesklinik-holtendorf.de\/online-apotheke\/wp-json\/wp\/v2\/pages\/1714","targetHints":{"allow":["GET"]}}],"collection":[{"href":"https:\/\/tagesklinik-holtendorf.de\/online-apotheke\/wp-json\/wp\/v2\/pages"}],"about":[{"href":"https:\/\/tagesklinik-holtendorf.de\/online-apotheke\/wp-json\/wp\/v2\/types\/page"}],"author":[{"embeddable":true,"href":"https:\/\/tagesklinik-holtendorf.de\/online-apotheke\/wp-json\/wp\/v2\/users\/1"}],"replies":[{"embeddable":true,"href":"https:\/\/tagesklinik-holtendorf.de\/online-apotheke\/wp-json\/wp\/v2\/comments?post=1714"}],"version-history":[{"count":0,"href":"https:\/\/tagesklinik-holtendorf.de\/online-apotheke\/wp-json\/wp\/v2\/pages\/1714\/revisions"}],"wp:attachment":[{"href":"https:\/\/tagesklinik-holtendorf.de\/online-apotheke\/wp-json\/wp\/v2\/media?parent=1714"}],"curies":[{"name":"wp","href":"https:\/\/api.w.org\/{rel}","templated":true}]}}